{"id":4079,"date":"2023-07-21T14:14:58","date_gmt":"2023-07-21T12:14:58","guid":{"rendered":"https:\/\/anpil.org\/?post_type=product&#038;p=4079"},"modified":"2024-07-04T16:46:19","modified_gmt":"2024-07-04T14:46:19","slug":"momora","status":"publish","type":"product","link":"https:\/\/anpil.org\/en\/prodotto\/momora\/","title":{"rendered":"Momor\u00e0"},"content":{"rendered":"<p>Il prodotto ti verr\u00e0 consegnato\u00a0<strong>gi\u00e0 confezionato<\/strong>\u00a0con corriere espresso entro\u00a0<strong>15 giorni<\/strong>\u00a0lavorativi dalla data dell\u2019ordine.<\/p>\n<p>Per informazioni contattaci allo\u00a0<strong>026701633<\/strong>\u00a0oppure scrivi a\u00a0<strong>segreteria@anpil.org<\/strong><\/p>\n<p>Ti ricordiamo che il tuo\u00a0<strong>contributo<\/strong>\u00a0\u00e8\u00a0<strong>detraibile<\/strong>\u00a0ai fini fiscali,\u00a0come stabilito dal\u00a0<em>d. P. R. 917\/86<\/em>.<\/p>\n","protected":false},"excerpt":{"rendered":"<p><em>Momor\u00e0<\/em>, che significa \u00abAmmirazione\u00bb nella lingua ind\u00edgena guaran\u00ed della regione centrale del Sud America, \u00e8 una raccolta di racconti ispirati a donne semplici e forti, con storie personali di coraggio e provenienti da realt\u00e0 sociali diverse, con cui l\u2019autrice si incontra durante il suo soggiorno in Paraguay. Incontri tra mondi femminili apparentemente distanti ma poi vicini, universi femminili che lottano per non soccombere davanti alle sfide del destino ed ancora capaci di ispirare entusiasmo, anche negli scenari pi\u00f9 ombrosi della vita. <em>Momor\u00e0<\/em> tratta di intercultura ed accoglienza tra donne che pur venendo da mondi diversi per un attimo si incontrano, si guardano e si trovano umanamente uguali.<\/p>\n","protected":false},"featured_media":4080,"template":"","meta":[],"product_brand":[],"product_cat":[88],"product_tag":[],"class_list":{"0":"post-4079","1":"product","2":"type-product","3":"status-publish","4":"has-post-thumbnail","6":"product_cat-libri","8":"first","9":"instock","10":"shipping-taxable","11":"purchasable","12":"product-type-simple"},"yoast_head":"<!-- This site is optimized with the Yoast SEO plugin v25.0 - https:\/\/yoast.com\/wordpress\/plugins\/seo\/ -->\n<title>Momor\u00e0 - Anpil<\/title>\n<meta name=\"robots\" content=\"index, follow, max-snippet:-1, max-image-preview:large, max-video-preview:-1\" \/>\n<link rel=\"canonical\" href=\"https:\/\/anpil.org\/prodotto\/momora\/\" \/>\n<meta property=\"og:locale\" content=\"en_US\" \/>\n<meta property=\"og:type\" content=\"article\" \/>\n<meta property=\"og:title\" content=\"Momor\u00e0 - Anpil\" \/>\n<meta property=\"og:description\" content=\"Momor\u00e0, che significa \u00abAmmirazione\u00bb nella lingua ind\u00edgena guaran\u00ed della regione centrale del Sud America, \u00e8 una raccolta di racconti ispirati a donne semplici e forti, con storie personali di coraggio e provenienti da realt\u00e0 sociali diverse, con cui l\u2019autrice si incontra durante il suo soggiorno in Paraguay. Incontri tra mondi femminili apparentemente distanti ma poi vicini, universi femminili che lottano per non soccombere davanti alle sfide del destino ed ancora capaci di ispirare entusiasmo, anche negli scenari pi\u00f9 ombrosi della vita. Momor\u00e0 tratta di intercultura ed accoglienza tra donne che pur venendo da mondi diversi per un attimo si incontrano, si guardano e si trovano umanamente uguali.\" \/>\n<meta property=\"og:url\" content=\"https:\/\/anpil.org\/prodotto\/momora\/\" \/>\n<meta property=\"og:site_name\" content=\"Anpil\" \/>\n<meta property=\"article:modified_time\" content=\"2024-07-04T14:46:19+00:00\" \/>\n<meta property=\"og:image\" content=\"https:\/\/anpil.org\/wp-content\/uploads\/2023\/07\/Copertina-Momora._fronte.jpg\" \/>\n\t<meta property=\"og:image:width\" content=\"424\" \/>\n\t<meta property=\"og:image:height\" content=\"610\" \/>\n\t<meta property=\"og:image:type\" content=\"image\/jpeg\" \/>\n<meta name=\"twitter:card\" content=\"summary_large_image\" \/>\n<script type=\"application\/ld+json\" class=\"yoast-schema-graph\">{\"@context\":\"https:\/\/schema.org\",\"@graph\":[{\"@type\":\"WebPage\",\"@id\":\"https:\/\/anpil.org\/prodotto\/momora\/\",\"url\":\"https:\/\/anpil.org\/prodotto\/momora\/\",\"name\":\"Momor\u00e0 - Anpil\",\"isPartOf\":{\"@id\":\"https:\/\/anpil.org\/#website\"},\"primaryImageOfPage\":{\"@id\":\"https:\/\/anpil.org\/prodotto\/momora\/#primaryimage\"},\"image\":{\"@id\":\"https:\/\/anpil.org\/prodotto\/momora\/#primaryimage\"},\"thumbnailUrl\":\"https:\/\/anpil.org\/wp-content\/uploads\/2023\/07\/Copertina-Momora._fronte.jpg\",\"datePublished\":\"2023-07-21T12:14:58+00:00\",\"dateModified\":\"2024-07-04T14:46:19+00:00\",\"breadcrumb\":{\"@id\":\"https:\/\/anpil.org\/prodotto\/momora\/#breadcrumb\"},\"inLanguage\":\"en-US\",\"potentialAction\":[{\"@type\":\"ReadAction\",\"target\":[\"https:\/\/anpil.org\/prodotto\/momora\/\"]}]},{\"@type\":\"ImageObject\",\"inLanguage\":\"en-US\",\"@id\":\"https:\/\/anpil.org\/prodotto\/momora\/#primaryimage\",\"url\":\"https:\/\/anpil.org\/wp-content\/uploads\/2023\/07\/Copertina-Momora._fronte.jpg\",\"contentUrl\":\"https:\/\/anpil.org\/wp-content\/uploads\/2023\/07\/Copertina-Momora._fronte.jpg\",\"width\":424,\"height\":610},{\"@type\":\"BreadcrumbList\",\"@id\":\"https:\/\/anpil.org\/prodotto\/momora\/#breadcrumb\",\"itemListElement\":[{\"@type\":\"ListItem\",\"position\":1,\"name\":\"Home\",\"item\":\"https:\/\/anpil.org\/\"},{\"@type\":\"ListItem\",\"position\":2,\"name\":\"Shop\",\"item\":\"https:\/\/anpil.org\/negozio\/\"},{\"@type\":\"ListItem\",\"position\":3,\"name\":\"Momor\u00e0\"}]},{\"@type\":\"WebSite\",\"@id\":\"https:\/\/anpil.org\/#website\",\"url\":\"https:\/\/anpil.org\/\",\"name\":\"Anpil\",\"description\":\"Insieme per il futuro dei bambini\",\"publisher\":{\"@id\":\"https:\/\/anpil.org\/#organization\"},\"potentialAction\":[{\"@type\":\"SearchAction\",\"target\":{\"@type\":\"EntryPoint\",\"urlTemplate\":\"https:\/\/anpil.org\/?s={search_term_string}\"},\"query-input\":{\"@type\":\"PropertyValueSpecification\",\"valueRequired\":true,\"valueName\":\"search_term_string\"}}],\"inLanguage\":\"en-US\"},{\"@type\":\"Organization\",\"@id\":\"https:\/\/anpil.org\/#organization\",\"name\":\"Anpil\",\"url\":\"https:\/\/anpil.org\/\",\"logo\":{\"@type\":\"ImageObject\",\"inLanguage\":\"en-US\",\"@id\":\"https:\/\/anpil.org\/#\/schema\/logo\/image\/\",\"url\":\"https:\/\/anpil.org\/wp-content\/uploads\/2021\/07\/Logo-ANPIL-insieme-per-i-bambini.png\",\"contentUrl\":\"https:\/\/anpil.org\/wp-content\/uploads\/2021\/07\/Logo-ANPIL-insieme-per-i-bambini.png\",\"width\":800,\"height\":231,\"caption\":\"Anpil\"},\"image\":{\"@id\":\"https:\/\/anpil.org\/#\/schema\/logo\/image\/\"}}]}<\/script>\n<!-- \/ Yoast SEO plugin. -->","yoast_head_json":{"title":"Momor\u00e0 - Anpil","robots":{"index":"index","follow":"follow","max-snippet":"max-snippet:-1","max-image-preview":"max-image-preview:large","max-video-preview":"max-video-preview:-1"},"canonical":"https:\/\/anpil.org\/prodotto\/momora\/","og_locale":"en_US","og_type":"article","og_title":"Momor\u00e0 - Anpil","og_description":"Momor\u00e0, che significa \u00abAmmirazione\u00bb nella lingua ind\u00edgena guaran\u00ed della regione centrale del Sud America, \u00e8 una raccolta di racconti ispirati a donne semplici e forti, con storie personali di coraggio e provenienti da realt\u00e0 sociali diverse, con cui l\u2019autrice si incontra durante il suo soggiorno in Paraguay. Incontri tra mondi femminili apparentemente distanti ma poi vicini, universi femminili che lottano per non soccombere davanti alle sfide del destino ed ancora capaci di ispirare entusiasmo, anche negli scenari pi\u00f9 ombrosi della vita. Momor\u00e0 tratta di intercultura ed accoglienza tra donne che pur venendo da mondi diversi per un attimo si incontrano, si guardano e si trovano umanamente uguali.","og_url":"https:\/\/anpil.org\/prodotto\/momora\/","og_site_name":"Anpil","article_modified_time":"2024-07-04T14:46:19+00:00","og_image":[{"width":424,"height":610,"url":"https:\/\/anpil.org\/wp-content\/uploads\/2023\/07\/Copertina-Momora._fronte.jpg","type":"image\/jpeg"}],"twitter_card":"summary_large_image","schema":{"@context":"https:\/\/schema.org","@graph":[{"@type":"WebPage","@id":"https:\/\/anpil.org\/prodotto\/momora\/","url":"https:\/\/anpil.org\/prodotto\/momora\/","name":"Momor\u00e0 - Anpil","isPartOf":{"@id":"https:\/\/anpil.org\/#website"},"primaryImageOfPage":{"@id":"https:\/\/anpil.org\/prodotto\/momora\/#primaryimage"},"image":{"@id":"https:\/\/anpil.org\/prodotto\/momora\/#primaryimage"},"thumbnailUrl":"https:\/\/anpil.org\/wp-content\/uploads\/2023\/07\/Copertina-Momora._fronte.jpg","datePublished":"2023-07-21T12:14:58+00:00","dateModified":"2024-07-04T14:46:19+00:00","breadcrumb":{"@id":"https:\/\/anpil.org\/prodotto\/momora\/#breadcrumb"},"inLanguage":"en-US","potentialAction":[{"@type":"ReadAction","target":["https:\/\/anpil.org\/prodotto\/momora\/"]}]},{"@type":"ImageObject","inLanguage":"en-US","@id":"https:\/\/anpil.org\/prodotto\/momora\/#primaryimage","url":"https:\/\/anpil.org\/wp-content\/uploads\/2023\/07\/Copertina-Momora._fronte.jpg","contentUrl":"https:\/\/anpil.org\/wp-content\/uploads\/2023\/07\/Copertina-Momora._fronte.jpg","width":424,"height":610},{"@type":"BreadcrumbList","@id":"https:\/\/anpil.org\/prodotto\/momora\/#breadcrumb","itemListElement":[{"@type":"ListItem","position":1,"name":"Home","item":"https:\/\/anpil.org\/"},{"@type":"ListItem","position":2,"name":"Shop","item":"https:\/\/anpil.org\/negozio\/"},{"@type":"ListItem","position":3,"name":"Momor\u00e0"}]},{"@type":"WebSite","@id":"https:\/\/anpil.org\/#website","url":"https:\/\/anpil.org\/","name":"Anpil","description":"Insieme per il futuro dei bambini","publisher":{"@id":"https:\/\/anpil.org\/#organization"},"potentialAction":[{"@type":"SearchAction","target":{"@type":"EntryPoint","urlTemplate":"https:\/\/anpil.org\/?s={search_term_string}"},"query-input":{"@type":"PropertyValueSpecification","valueRequired":true,"valueName":"search_term_string"}}],"inLanguage":"en-US"},{"@type":"Organization","@id":"https:\/\/anpil.org\/#organization","name":"Anpil","url":"https:\/\/anpil.org\/","logo":{"@type":"ImageObject","inLanguage":"en-US","@id":"https:\/\/anpil.org\/#\/schema\/logo\/image\/","url":"https:\/\/anpil.org\/wp-content\/uploads\/2021\/07\/Logo-ANPIL-insieme-per-i-bambini.png","contentUrl":"https:\/\/anpil.org\/wp-content\/uploads\/2021\/07\/Logo-ANPIL-insieme-per-i-bambini.png","width":800,"height":231,"caption":"Anpil"},"image":{"@id":"https:\/\/anpil.org\/#\/schema\/logo\/image\/"}}]}},"_links":{"self":[{"href":"https:\/\/anpil.org\/en\/wp-json\/wp\/v2\/product\/4079","targetHints":{"allow":["GET"]}}],"collection":[{"href":"https:\/\/anpil.org\/en\/wp-json\/wp\/v2\/product"}],"about":[{"href":"https:\/\/anpil.org\/en\/wp-json\/wp\/v2\/types\/product"}],"wp:featuredmedia":[{"embeddable":true,"href":"https:\/\/anpil.org\/en\/wp-json\/wp\/v2\/media\/4080"}],"wp:attachment":[{"href":"https:\/\/anpil.org\/en\/wp-json\/wp\/v2\/media?parent=4079"}],"wp:term":[{"taxonomy":"product_brand","embeddable":true,"href":"https:\/\/anpil.org\/en\/wp-json\/wp\/v2\/product_brand?post=4079"},{"taxonomy":"product_cat","embeddable":true,"href":"https:\/\/anpil.org\/en\/wp-json\/wp\/v2\/product_cat?post=4079"},{"taxonomy":"product_tag","embeddable":true,"href":"https:\/\/anpil.org\/en\/wp-json\/wp\/v2\/product_tag?post=4079"}],"curies":[{"name":"wp","href":"https:\/\/api.w.org\/{rel}","templated":true}]}}