{"id":5653,"date":"2021-06-08T14:59:44","date_gmt":"2021-06-08T12:59:44","guid":{"rendered":"https:\/\/anpil.org\/politique-de-confidentialite\/"},"modified":"2025-02-19T14:04:29","modified_gmt":"2025-02-19T13:04:29","slug":"politique-de-confidentialite","status":"publish","type":"page","link":"https:\/\/anpil.org\/fr\/politique-de-confidentialite\/","title":{"rendered":"Politique de confidentialit\u00e9"},"content":{"rendered":"\t\t<div data-elementor-type=\"wp-page\" data-elementor-id=\"5653\" class=\"elementor elementor-5653 elementor-1632\" data-elementor-post-type=\"page\">\n\t\t\t\t\t\t<section class=\"elementor-section elementor-top-section elementor-element elementor-element-bccdf49 elementor-section-boxed elementor-section-height-default elementor-section-height-default\" data-id=\"bccdf49\" data-element_type=\"section\">\n\t\t\t\t\t\t<div class=\"elementor-container elementor-column-gap-default\">\n\t\t\t\t\t<div class=\"elementor-column elementor-col-100 elementor-top-column elementor-element elementor-element-aa30183\" data-id=\"aa30183\" data-element_type=\"column\">\n\t\t\t<div class=\"elementor-widget-wrap elementor-element-populated\">\n\t\t\t\t\t\t<section class=\"elementor-section elementor-inner-section elementor-element elementor-element-01d8c42 elementor-section-boxed elementor-section-height-default elementor-section-height-default\" data-id=\"01d8c42\" data-element_type=\"section\">\n\t\t\t\t\t\t<div class=\"elementor-container elementor-column-gap-default\">\n\t\t\t\t\t<div class=\"elementor-column elementor-col-100 elementor-inner-column elementor-element elementor-element-0d899f4\" data-id=\"0d899f4\" data-element_type=\"column\">\n\t\t\t<div class=\"elementor-widget-wrap elementor-element-populated\">\n\t\t\t\t\t\t<div class=\"elementor-element elementor-element-949906a elementor-widget elementor-widget-text-editor\" data-id=\"949906a\" data-element_type=\"widget\" data-widget_type=\"text-editor.default\">\n\t\t\t\t<div class=\"elementor-widget-container\">\n\t\t\t\t\t\t\t\t\t<h3>POLITIQUE DE CONFIDENTIALIT\u00c9<\/h3>\n<p>Informations conform\u00e9ment au R\u00e8glement Europ\u00e9en sur la Protection des Donn\u00e9es n\u00b0 679\/2016&nbsp;<\/p>\n<p>Cette page d\u00e9crit les m\u00e9thodes par lesquelles <b>notamment.org<\/b>, <b> <\/b>appartenant \u00e0 <b>ANPIL,<\/b><b> <\/b>ANPIL, dont le si\u00e8ge social est situ\u00e9 Via Vitruvio 41, 20124 Milan, code fiscal 97220900159, en tant que Responsable du traitement, collecte et traite vos donn\u00e9es personnelles via ce site.<\/p>\n<p>Notre engagement envers la confidentialit\u00e9, la confidentialit\u00e9 et la protection des donn\u00e9es personnelles des utilisateurs repr\u00e9sente une priorit\u00e9 dans nos op\u00e9rations commerciales.<\/p>\n<p>En effet, nous traitons vos donn\u00e9es personnelles avec le plus grand soin et conform\u00e9ment aux r\u00e9glementations en mati\u00e8re de confidentialit\u00e9 et de s\u00e9curit\u00e9 applicables (en particulier le R\u00e8glement G\u00e9n\u00e9ral sur la Protection des Donn\u00e9es de l&rsquo;UE n\u00b0 679\/2016).<\/p>\n<p><b>QUELLES DONN\u00c9ES COLLECTONS-NOUS ET TRAITONS-NOUS ?<\/b><\/p>\n<p>Les donn\u00e9es personnelles que nous traitons sont les informations que vous choisissez volontairement de nous fournir, en r\u00e9ponse \u00e0 une demande de contact ou pour nous poser une question.<\/p>\n<p>Lorsque vous soumettez une demande via le formulaire appropri\u00e9, nous vous inviterons \u00e0 nous fournir des donn\u00e9es d&rsquo;identification et de contact (telles que nom, pr\u00e9nom, email, num\u00e9ro de t\u00e9l\u00e9phone) pour mieux g\u00e9rer votre demande et vous r\u00e9pondre de mani\u00e8re efficace.<\/p>\n<p>Les donn\u00e9es personnelles peuvent \u00e9galement \u00eatre sensibles, en fonction des informations que vous d\u00e9ciderez de communiquer dans le formulaire de contact ou par l&rsquo;envoi volontaire de documents accompagnant votre demande. Pour prot\u00e9ger vos droits et libert\u00e9s, nous vous demandons de ne pas fournir d&rsquo;informations sensibles.<\/p>\n<p><b>POUR QUELLES FINALIT\u00c9S UTILISONS-NOUS VOS DONN\u00c9ES ?<\/b><\/p>\n<p>L&rsquo;objectif principal est de vous offrir la possibilit\u00e9 de nous contacter et de r\u00e9pondre \u00e0 votre demande sp\u00e9cifique, de vous envoyer du contenu informatif \u00e0 ce sujet, et\/ou de vous permettre d&rsquo;acc\u00e9der aux services choisis.<\/p>\n<p>La fourniture de vos donn\u00e9es est facultative ; toutefois, le refus de fournir vos donn\u00e9es \u00e0 cette fin rendra impossible pour nous de g\u00e9rer votre demande et de r\u00e9pondre \u00e0 vos besoins.<\/p>\n<p>Avec votre consentement libre et explicite, vos donn\u00e9es de contact pourront \u00eatre utilis\u00e9es pour vous envoyer des communications promotionnelles, des newsletters et des emails informatifs concernant nos services ou des informations g\u00e9n\u00e9rales. La fourniture de donn\u00e9es \u00e0 des fins de marketing est facultative, et le refus n&rsquo;entra\u00eene aucune cons\u00e9quence, \u00e0 l&rsquo;exception de l&rsquo;impossibilit\u00e9 de recevoir du mat\u00e9riel promotionnel. Le consentement pour ce traitement est consid\u00e9r\u00e9 comme donn\u00e9 en cochant la case appropri\u00e9e dans le formulaire d&rsquo;envoi des donn\u00e9es. Vous pouvez retirer votre consentement et refuser de recevoir de nouvelles communications promotionnelles \u00e0 tout moment en nous \u00e9crivant \u00e0 l&rsquo;adresse email <a href=\"mailto:segreteria@anpil.org\">segreteria@anpil.org.<\/a><\/p>\n<p><b>COMMENT PROT\u00c9GEONS-NOUS VOS DONN\u00c9ES ?<\/b><\/p>\n<p>Le traitement des donn\u00e9es s&rsquo;effectue principalement par des outils automatis\u00e9s et pendant le temps strictement n\u00e9cessaire pour atteindre les objectifs pour lesquels elles ont \u00e9t\u00e9 collect\u00e9es. Les mesures de s\u00e9curit\u00e9 appropri\u00e9es, telles que pr\u00e9vues par le R\u00e8glement (UE) 2016\/679 sur la Protection des Donn\u00e9es Personnelles, sont respect\u00e9es pour pr\u00e9venir la perte de donn\u00e9es, l&rsquo;utilisation ill\u00e9gale ou incorrecte et les acc\u00e8s non autoris\u00e9s.<\/p>\n<p><b>\u00c0 QUI NOUS COMMUNIQUONS VOS DONN\u00c9ES ?<\/b><\/p>\n<p>Les donn\u00e9es que vous soumettez via ce site seront partag\u00e9es et\/ou communiqu\u00e9es exclusivement \u00e0 la soci\u00e9t\u00e9 qui g\u00e8re le site internet et ses syst\u00e8mes connexes.<\/p>\n<p><strong>DUR\u00c9E DU TRAITEMENT DES DONN\u00c9ES<\/strong><\/p>\n<p>Les donn\u00e9es collect\u00e9es aux fins de fourniture des services primaires demand\u00e9s par la personne concern\u00e9e seront conserv\u00e9es pour la p\u00e9riode strictement n\u00e9cessaire \u00e0 la<br>r\u00e9alisation de cet objectif. Cependant, le Responsable du traitement pourra continuer \u00e0 conserver ces donn\u00e9es pendant une p\u00e9riode plus longue, mais toujours dans le respect de la l\u00e9gislation en vigueur, afin de pouvoir g\u00e9rer d\u2019\u00e9ventuelles contestations li\u00e9es \u00e0 la fourniture des services. Les donn\u00e9es collect\u00e9es \u00e0 des fins de marketing et de profilage<br>seront conserv\u00e9es pour la p\u00e9riode pr\u00e9vue par la l\u00e9gislation en vigueur, qui ne d\u00e9passe pas 24 mois \u00e0 compter de la date de consentement. \u00c0 la fin de cette p\u00e9riode, vos donn\u00e9es seront supprim\u00e9es ou rendues anonymes.<\/p>\n<p><b>LIENS VERS D&rsquo;AUTRES SITES WEB<\/b><\/p>\n<p>Ce site peut contenir des r\u00e9f\u00e9rences ou des liens vers d&rsquo;autres sites web non contr\u00f4l\u00e9s par nous, auxquels cette politique de confidentialit\u00e9 ne s&rsquo;applique pas. Nous ne sommes donc pas responsables du contenu ou des traitements de donn\u00e9es personnelles effectu\u00e9s sur ces sites. Nous vous conseillons de consulter la politique de confidentialit\u00e9 de chaque site li\u00e9 pour identifier les \u00e9ventuels traitements de donn\u00e9es personnelles.<\/p>\n<p><b>QUELS SONT VOS DROITS ?<\/b><\/p>\n<p>Conform\u00e9ment au R\u00e8glement UE 679\/2016, vous avez les droits suivants :<br>\u25cf Le droit de demander l&rsquo;acc\u00e8s \u00e0 vos donn\u00e9es personnelles (art. 15), la rectification (art. 16), la suppression de celles-ci ou l&rsquo;oubli (art. 17), la limitation du traitement des donn\u00e9es personnelles (art. 18), le droit \u00e0 la portabilit\u00e9 des donn\u00e9es (art. 20) ou de vous opposer \u00e0 leur traitement (art. 21), ainsi que le droit de ne pas \u00eatre soumis \u00e0 une d\u00e9cision fond\u00e9e uniquement sur un traitement automatis\u00e9, y compris la profilage, qui produirait des effets juridiques vous concernant ou vous affecterait de mani\u00e8re<br>significative (art. 22).<\/p>\n<p>Les demandes peuvent \u00eatre exerc\u00e9es aupr\u00e8s de :<\/p>\n<p><strong>Anpil<br><\/strong>Via Vitruvio 41<br>20124 Milan<br>Code fiscal : 97220900159<br>T\u00e9l. : 02 6701633<br>Email : <a href=\"mailto:segreteria@anpil.org\">segreteria@anpil.org<\/a><\/p>\n<p>Vous avez \u00e9galement le droit de d\u00e9poser une plainte aupr\u00e8s de l&rsquo;autorit\u00e9 de contr\u00f4le comp\u00e9tente (art. 77 du R\u00e8glement) si vous estimez que le traitement effectu\u00e9 par le<br>responsable du traitement n&rsquo;est pas conforme.<\/p>\n<p><b>MODIFICATIONS DE LA POLITIQUE DE CONFIDENTIALIT\u00c9<\/b><\/p>\n<p>Le Site, son contenu et la pr\u00e9sente politique de confidentialit\u00e9 peuvent \u00eatre p\u00e9riodiquement mis \u00e0 jour ou modifi\u00e9s sans pr\u00e9avis. Toute modification de cette politique affectera le traitement des donn\u00e9es collect\u00e9es apr\u00e8s cette modification.<br>Nous vous prions de bien vouloir consulter r\u00e9guli\u00e8rement toute modification de la politique de confidentialit\u00e9.<\/p>\n<p>Cette politique a \u00e9t\u00e9 mise \u00e0 jour en avril 2021.<\/p>\t\t\t\t\t\t\t\t<\/div>\n\t\t\t\t<\/div>\n\t\t\t\t\t<\/div>\n\t\t<\/div>\n\t\t\t\t\t<\/div>\n\t\t<\/section>\n\t\t\t\t\t<\/div>\n\t\t<\/div>\n\t\t\t\t\t<\/div>\n\t\t<\/section>\n\t\t\t\t<\/div>\n\t\t","protected":false},"excerpt":{"rendered":"<p>POLITIQUE DE CONFIDENTIALIT\u00c9 Informations conform\u00e9ment au R\u00e8glement Europ\u00e9en sur la Protection des Donn\u00e9es n\u00b0 679\/2016&nbsp; Cette page d\u00e9crit les m\u00e9thodes par lesquelles notamment.org, appartenant \u00e0 ANPIL, ANPIL, dont le si\u00e8ge social est situ\u00e9 Via Vitruvio 41, 20124 Milan, code fiscal 97220900159, en tant que Responsable du traitement, collecte et traite vos donn\u00e9es personnelles via ce [&hellip;]<\/p>\n","protected":false},"author":1,"featured_media":0,"parent":0,"menu_order":0,"comment_status":"closed","ping_status":"closed","template":"","meta":{"footnotes":""},"class_list":["post-5653","page","type-page","status-publish","hentry"],"yoast_head":"<!-- This site is optimized with the Yoast SEO plugin v25.0 - https:\/\/yoast.com\/wordpress\/plugins\/seo\/ -->\n<title>Politique de confidentialit\u00e9 - Anpil<\/title>\n<meta name=\"robots\" content=\"index, follow, max-snippet:-1, max-image-preview:large, max-video-preview:-1\" \/>\n<link rel=\"canonical\" href=\"https:\/\/anpil.org\/privacy-policy\/\" \/>\n<meta property=\"og:locale\" content=\"fr_FR\" \/>\n<meta property=\"og:type\" content=\"article\" \/>\n<meta property=\"og:title\" content=\"Politique de confidentialit\u00e9 - Anpil\" \/>\n<meta property=\"og:description\" content=\"POLITIQUE DE CONFIDENTIALIT\u00c9 Informations conform\u00e9ment au R\u00e8glement Europ\u00e9en sur la Protection des Donn\u00e9es n\u00b0 679\/2016&nbsp; Cette page d\u00e9crit les m\u00e9thodes par lesquelles notamment.org, appartenant \u00e0 ANPIL, ANPIL, dont le si\u00e8ge social est situ\u00e9 Via Vitruvio 41, 20124 Milan, code fiscal 97220900159, en tant que Responsable du traitement, collecte et traite vos donn\u00e9es personnelles via ce [&hellip;]\" \/>\n<meta property=\"og:url\" content=\"https:\/\/anpil.org\/privacy-policy\/\" \/>\n<meta property=\"og:site_name\" content=\"Anpil\" \/>\n<meta property=\"article:modified_time\" content=\"2025-02-19T13:04:29+00:00\" \/>\n<meta name=\"twitter:card\" content=\"summary_large_image\" \/>\n<script type=\"application\/ld+json\" class=\"yoast-schema-graph\">{\"@context\":\"https:\/\/schema.org\",\"@graph\":[{\"@type\":\"WebPage\",\"@id\":\"https:\/\/anpil.org\/privacy-policy\/\",\"url\":\"https:\/\/anpil.org\/privacy-policy\/\",\"name\":\"Politique de confidentialit\u00e9 - Anpil\",\"isPartOf\":{\"@id\":\"https:\/\/anpil.org\/#website\"},\"datePublished\":\"2021-06-08T12:59:44+00:00\",\"dateModified\":\"2025-02-19T13:04:29+00:00\",\"breadcrumb\":{\"@id\":\"https:\/\/anpil.org\/privacy-policy\/#breadcrumb\"},\"inLanguage\":\"fr-FR\",\"potentialAction\":[{\"@type\":\"ReadAction\",\"target\":[\"https:\/\/anpil.org\/privacy-policy\/\"]}]},{\"@type\":\"BreadcrumbList\",\"@id\":\"https:\/\/anpil.org\/privacy-policy\/#breadcrumb\",\"itemListElement\":[{\"@type\":\"ListItem\",\"position\":1,\"name\":\"Home\",\"item\":\"https:\/\/anpil.org\/fr\/\"},{\"@type\":\"ListItem\",\"position\":2,\"name\":\"Politique de confidentialit\u00e9\"}]},{\"@type\":\"WebSite\",\"@id\":\"https:\/\/anpil.org\/#website\",\"url\":\"https:\/\/anpil.org\/\",\"name\":\"Anpil\",\"description\":\"Insieme per il futuro dei bambini\",\"publisher\":{\"@id\":\"https:\/\/anpil.org\/#organization\"},\"potentialAction\":[{\"@type\":\"SearchAction\",\"target\":{\"@type\":\"EntryPoint\",\"urlTemplate\":\"https:\/\/anpil.org\/?s={search_term_string}\"},\"query-input\":{\"@type\":\"PropertyValueSpecification\",\"valueRequired\":true,\"valueName\":\"search_term_string\"}}],\"inLanguage\":\"fr-FR\"},{\"@type\":\"Organization\",\"@id\":\"https:\/\/anpil.org\/#organization\",\"name\":\"Anpil\",\"url\":\"https:\/\/anpil.org\/\",\"logo\":{\"@type\":\"ImageObject\",\"inLanguage\":\"fr-FR\",\"@id\":\"https:\/\/anpil.org\/#\/schema\/logo\/image\/\",\"url\":\"https:\/\/anpil.org\/wp-content\/uploads\/2021\/07\/Logo-ANPIL-insieme-per-i-bambini.png\",\"contentUrl\":\"https:\/\/anpil.org\/wp-content\/uploads\/2021\/07\/Logo-ANPIL-insieme-per-i-bambini.png\",\"width\":800,\"height\":231,\"caption\":\"Anpil\"},\"image\":{\"@id\":\"https:\/\/anpil.org\/#\/schema\/logo\/image\/\"}}]}<\/script>\n<!-- \/ Yoast SEO plugin. -->","yoast_head_json":{"title":"Politique de confidentialit\u00e9 - Anpil","robots":{"index":"index","follow":"follow","max-snippet":"max-snippet:-1","max-image-preview":"max-image-preview:large","max-video-preview":"max-video-preview:-1"},"canonical":"https:\/\/anpil.org\/privacy-policy\/","og_locale":"fr_FR","og_type":"article","og_title":"Politique de confidentialit\u00e9 - Anpil","og_description":"POLITIQUE DE CONFIDENTIALIT\u00c9 Informations conform\u00e9ment au R\u00e8glement Europ\u00e9en sur la Protection des Donn\u00e9es n\u00b0 679\/2016&nbsp; Cette page d\u00e9crit les m\u00e9thodes par lesquelles notamment.org, appartenant \u00e0 ANPIL, ANPIL, dont le si\u00e8ge social est situ\u00e9 Via Vitruvio 41, 20124 Milan, code fiscal 97220900159, en tant que Responsable du traitement, collecte et traite vos donn\u00e9es personnelles via ce [&hellip;]","og_url":"https:\/\/anpil.org\/privacy-policy\/","og_site_name":"Anpil","article_modified_time":"2025-02-19T13:04:29+00:00","twitter_card":"summary_large_image","schema":{"@context":"https:\/\/schema.org","@graph":[{"@type":"WebPage","@id":"https:\/\/anpil.org\/privacy-policy\/","url":"https:\/\/anpil.org\/privacy-policy\/","name":"Politique de confidentialit\u00e9 - Anpil","isPartOf":{"@id":"https:\/\/anpil.org\/#website"},"datePublished":"2021-06-08T12:59:44+00:00","dateModified":"2025-02-19T13:04:29+00:00","breadcrumb":{"@id":"https:\/\/anpil.org\/privacy-policy\/#breadcrumb"},"inLanguage":"fr-FR","potentialAction":[{"@type":"ReadAction","target":["https:\/\/anpil.org\/privacy-policy\/"]}]},{"@type":"BreadcrumbList","@id":"https:\/\/anpil.org\/privacy-policy\/#breadcrumb","itemListElement":[{"@type":"ListItem","position":1,"name":"Home","item":"https:\/\/anpil.org\/fr\/"},{"@type":"ListItem","position":2,"name":"Politique de confidentialit\u00e9"}]},{"@type":"WebSite","@id":"https:\/\/anpil.org\/#website","url":"https:\/\/anpil.org\/","name":"Anpil","description":"Insieme per il futuro dei bambini","publisher":{"@id":"https:\/\/anpil.org\/#organization"},"potentialAction":[{"@type":"SearchAction","target":{"@type":"EntryPoint","urlTemplate":"https:\/\/anpil.org\/?s={search_term_string}"},"query-input":{"@type":"PropertyValueSpecification","valueRequired":true,"valueName":"search_term_string"}}],"inLanguage":"fr-FR"},{"@type":"Organization","@id":"https:\/\/anpil.org\/#organization","name":"Anpil","url":"https:\/\/anpil.org\/","logo":{"@type":"ImageObject","inLanguage":"fr-FR","@id":"https:\/\/anpil.org\/#\/schema\/logo\/image\/","url":"https:\/\/anpil.org\/wp-content\/uploads\/2021\/07\/Logo-ANPIL-insieme-per-i-bambini.png","contentUrl":"https:\/\/anpil.org\/wp-content\/uploads\/2021\/07\/Logo-ANPIL-insieme-per-i-bambini.png","width":800,"height":231,"caption":"Anpil"},"image":{"@id":"https:\/\/anpil.org\/#\/schema\/logo\/image\/"}}]}},"_links":{"self":[{"href":"https:\/\/anpil.org\/fr\/wp-json\/wp\/v2\/pages\/5653","targetHints":{"allow":["GET"]}}],"collection":[{"href":"https:\/\/anpil.org\/fr\/wp-json\/wp\/v2\/pages"}],"about":[{"href":"https:\/\/anpil.org\/fr\/wp-json\/wp\/v2\/types\/page"}],"author":[{"embeddable":true,"href":"https:\/\/anpil.org\/fr\/wp-json\/wp\/v2\/users\/1"}],"replies":[{"embeddable":true,"href":"https:\/\/anpil.org\/fr\/wp-json\/wp\/v2\/comments?post=5653"}],"version-history":[{"count":4,"href":"https:\/\/anpil.org\/fr\/wp-json\/wp\/v2\/pages\/5653\/revisions"}],"predecessor-version":[{"id":5658,"href":"https:\/\/anpil.org\/fr\/wp-json\/wp\/v2\/pages\/5653\/revisions\/5658"}],"wp:attachment":[{"href":"https:\/\/anpil.org\/fr\/wp-json\/wp\/v2\/media?parent=5653"}],"curies":[{"name":"wp","href":"https:\/\/api.w.org\/{rel}","templated":true}]}}