{"id":2895,"date":"2021-07-12T14:20:30","date_gmt":"2021-07-12T12:20:30","guid":{"rendered":"https:\/\/anpil.netweek.website\/?post_type=product&#038;p=2895"},"modified":"2024-07-04T16:49:26","modified_gmt":"2024-07-04T14:49:26","slug":"nativita","status":"publish","type":"product","link":"https:\/\/anpil.org\/fr\/prodotto\/nativita\/","title":{"rendered":"Nativit\u00e0"},"content":{"rendered":"<p>Il prodotto ti verr\u00e0 consegnato <strong>gi\u00e0 confezionato<\/strong>\u00a0con corriere espresso entro\u00a0<strong>15 giorni<\/strong>\u00a0lavorativi dalla data dell\u2019ordine.<\/p>\n<p>Per informazioni contattaci allo\u00a0<strong>026701633<\/strong> oppure scrivi a <strong>segreteria<\/strong><strong>@anpil.org<\/strong><\/p>\n<p>Ti ricordiamo che il tuo\u00a0<strong>contributo<\/strong>\u00a0\u00e8\u00a0<strong>detraibile<\/strong>\u00a0ai fini fiscali,\u00a0come stabilito dal\u00a0<em>d. P. R. 917\/86<\/em>.<\/p>\n","protected":false},"excerpt":{"rendered":"<p>Prodotto di artigianato locale in ferro Grezzo fatto interamente a mano, proveniente dal Haiti<\/p>\n<ul>\n<li>Dimensioni: 40cmx20cm<\/li>\n<li>Ferro Grezzo<\/li>\n<\/ul>\n","protected":false},"featured_media":2911,"template":"","meta":[],"product_brand":[],"product_cat":[89,90],"product_tag":[],"class_list":{"0":"post-2895","1":"product","2":"type-product","3":"status-publish","4":"has-post-thumbnail","6":"product_cat-artigianato","7":"product_cat-ferro-battuto","8":"product_shipping_class-gratuita","10":"first","11":"instock","12":"shipping-taxable","13":"purchasable","14":"product-type-simple"},"yoast_head":"<!-- This site is optimized with the Yoast SEO plugin v25.0 - https:\/\/yoast.com\/wordpress\/plugins\/seo\/ -->\n<title>Nativit\u00e0 - Anpil<\/title>\n<meta name=\"robots\" content=\"index, follow, max-snippet:-1, max-image-preview:large, max-video-preview:-1\" \/>\n<link rel=\"canonical\" href=\"https:\/\/anpil.org\/prodotto\/nativita\/\" \/>\n<meta property=\"og:locale\" content=\"fr_FR\" \/>\n<meta property=\"og:type\" content=\"article\" \/>\n<meta property=\"og:title\" content=\"Nativit\u00e0 - Anpil\" \/>\n<meta property=\"og:description\" content=\"Prodotto di artigianato locale in ferro Grezzo fatto interamente a mano, proveniente dal Haiti   Dimensioni: 40cmx20cm  Ferro Grezzo\" \/>\n<meta property=\"og:url\" content=\"https:\/\/anpil.org\/prodotto\/nativita\/\" \/>\n<meta property=\"og:site_name\" content=\"Anpil\" \/>\n<meta property=\"article:modified_time\" content=\"2024-07-04T14:49:26+00:00\" \/>\n<meta property=\"og:image\" content=\"https:\/\/anpil.org\/wp-content\/uploads\/2021\/07\/nativita.jpg\" \/>\n\t<meta property=\"og:image:width\" content=\"900\" \/>\n\t<meta property=\"og:image:height\" content=\"900\" \/>\n\t<meta property=\"og:image:type\" content=\"image\/jpeg\" \/>\n<meta name=\"twitter:card\" content=\"summary_large_image\" \/>\n<script type=\"application\/ld+json\" class=\"yoast-schema-graph\">{\"@context\":\"https:\/\/schema.org\",\"@graph\":[{\"@type\":\"WebPage\",\"@id\":\"https:\/\/anpil.org\/prodotto\/nativita\/\",\"url\":\"https:\/\/anpil.org\/prodotto\/nativita\/\",\"name\":\"Nativit\u00e0 - Anpil\",\"isPartOf\":{\"@id\":\"https:\/\/anpil.org\/#website\"},\"primaryImageOfPage\":{\"@id\":\"https:\/\/anpil.org\/prodotto\/nativita\/#primaryimage\"},\"image\":{\"@id\":\"https:\/\/anpil.org\/prodotto\/nativita\/#primaryimage\"},\"thumbnailUrl\":\"https:\/\/anpil.org\/wp-content\/uploads\/2021\/07\/nativita.jpg\",\"datePublished\":\"2021-07-12T12:20:30+00:00\",\"dateModified\":\"2024-07-04T14:49:26+00:00\",\"breadcrumb\":{\"@id\":\"https:\/\/anpil.org\/prodotto\/nativita\/#breadcrumb\"},\"inLanguage\":\"fr-FR\",\"potentialAction\":[{\"@type\":\"ReadAction\",\"target\":[\"https:\/\/anpil.org\/prodotto\/nativita\/\"]}]},{\"@type\":\"ImageObject\",\"inLanguage\":\"fr-FR\",\"@id\":\"https:\/\/anpil.org\/prodotto\/nativita\/#primaryimage\",\"url\":\"https:\/\/anpil.org\/wp-content\/uploads\/2021\/07\/nativita.jpg\",\"contentUrl\":\"https:\/\/anpil.org\/wp-content\/uploads\/2021\/07\/nativita.jpg\",\"width\":900,\"height\":900},{\"@type\":\"BreadcrumbList\",\"@id\":\"https:\/\/anpil.org\/prodotto\/nativita\/#breadcrumb\",\"itemListElement\":[{\"@type\":\"ListItem\",\"position\":1,\"name\":\"Home\",\"item\":\"https:\/\/anpil.org\/fr\/\"},{\"@type\":\"ListItem\",\"position\":2,\"name\":\"Shop\",\"item\":\"https:\/\/anpil.org\/negozio\/\"},{\"@type\":\"ListItem\",\"position\":3,\"name\":\"Nativit\u00e0\"}]},{\"@type\":\"WebSite\",\"@id\":\"https:\/\/anpil.org\/#website\",\"url\":\"https:\/\/anpil.org\/\",\"name\":\"Anpil\",\"description\":\"Insieme per il futuro dei bambini\",\"publisher\":{\"@id\":\"https:\/\/anpil.org\/#organization\"},\"potentialAction\":[{\"@type\":\"SearchAction\",\"target\":{\"@type\":\"EntryPoint\",\"urlTemplate\":\"https:\/\/anpil.org\/?s={search_term_string}\"},\"query-input\":{\"@type\":\"PropertyValueSpecification\",\"valueRequired\":true,\"valueName\":\"search_term_string\"}}],\"inLanguage\":\"fr-FR\"},{\"@type\":\"Organization\",\"@id\":\"https:\/\/anpil.org\/#organization\",\"name\":\"Anpil\",\"url\":\"https:\/\/anpil.org\/\",\"logo\":{\"@type\":\"ImageObject\",\"inLanguage\":\"fr-FR\",\"@id\":\"https:\/\/anpil.org\/#\/schema\/logo\/image\/\",\"url\":\"https:\/\/anpil.org\/wp-content\/uploads\/2021\/07\/Logo-ANPIL-insieme-per-i-bambini.png\",\"contentUrl\":\"https:\/\/anpil.org\/wp-content\/uploads\/2021\/07\/Logo-ANPIL-insieme-per-i-bambini.png\",\"width\":800,\"height\":231,\"caption\":\"Anpil\"},\"image\":{\"@id\":\"https:\/\/anpil.org\/#\/schema\/logo\/image\/\"}}]}<\/script>\n<!-- \/ Yoast SEO plugin. -->","yoast_head_json":{"title":"Nativit\u00e0 - Anpil","robots":{"index":"index","follow":"follow","max-snippet":"max-snippet:-1","max-image-preview":"max-image-preview:large","max-video-preview":"max-video-preview:-1"},"canonical":"https:\/\/anpil.org\/prodotto\/nativita\/","og_locale":"fr_FR","og_type":"article","og_title":"Nativit\u00e0 - Anpil","og_description":"Prodotto di artigianato locale in ferro Grezzo fatto interamente a mano, proveniente dal Haiti   Dimensioni: 40cmx20cm  Ferro Grezzo","og_url":"https:\/\/anpil.org\/prodotto\/nativita\/","og_site_name":"Anpil","article_modified_time":"2024-07-04T14:49:26+00:00","og_image":[{"width":900,"height":900,"url":"https:\/\/anpil.org\/wp-content\/uploads\/2021\/07\/nativita.jpg","type":"image\/jpeg"}],"twitter_card":"summary_large_image","schema":{"@context":"https:\/\/schema.org","@graph":[{"@type":"WebPage","@id":"https:\/\/anpil.org\/prodotto\/nativita\/","url":"https:\/\/anpil.org\/prodotto\/nativita\/","name":"Nativit\u00e0 - Anpil","isPartOf":{"@id":"https:\/\/anpil.org\/#website"},"primaryImageOfPage":{"@id":"https:\/\/anpil.org\/prodotto\/nativita\/#primaryimage"},"image":{"@id":"https:\/\/anpil.org\/prodotto\/nativita\/#primaryimage"},"thumbnailUrl":"https:\/\/anpil.org\/wp-content\/uploads\/2021\/07\/nativita.jpg","datePublished":"2021-07-12T12:20:30+00:00","dateModified":"2024-07-04T14:49:26+00:00","breadcrumb":{"@id":"https:\/\/anpil.org\/prodotto\/nativita\/#breadcrumb"},"inLanguage":"fr-FR","potentialAction":[{"@type":"ReadAction","target":["https:\/\/anpil.org\/prodotto\/nativita\/"]}]},{"@type":"ImageObject","inLanguage":"fr-FR","@id":"https:\/\/anpil.org\/prodotto\/nativita\/#primaryimage","url":"https:\/\/anpil.org\/wp-content\/uploads\/2021\/07\/nativita.jpg","contentUrl":"https:\/\/anpil.org\/wp-content\/uploads\/2021\/07\/nativita.jpg","width":900,"height":900},{"@type":"BreadcrumbList","@id":"https:\/\/anpil.org\/prodotto\/nativita\/#breadcrumb","itemListElement":[{"@type":"ListItem","position":1,"name":"Home","item":"https:\/\/anpil.org\/fr\/"},{"@type":"ListItem","position":2,"name":"Shop","item":"https:\/\/anpil.org\/negozio\/"},{"@type":"ListItem","position":3,"name":"Nativit\u00e0"}]},{"@type":"WebSite","@id":"https:\/\/anpil.org\/#website","url":"https:\/\/anpil.org\/","name":"Anpil","description":"Insieme per il futuro dei bambini","publisher":{"@id":"https:\/\/anpil.org\/#organization"},"potentialAction":[{"@type":"SearchAction","target":{"@type":"EntryPoint","urlTemplate":"https:\/\/anpil.org\/?s={search_term_string}"},"query-input":{"@type":"PropertyValueSpecification","valueRequired":true,"valueName":"search_term_string"}}],"inLanguage":"fr-FR"},{"@type":"Organization","@id":"https:\/\/anpil.org\/#organization","name":"Anpil","url":"https:\/\/anpil.org\/","logo":{"@type":"ImageObject","inLanguage":"fr-FR","@id":"https:\/\/anpil.org\/#\/schema\/logo\/image\/","url":"https:\/\/anpil.org\/wp-content\/uploads\/2021\/07\/Logo-ANPIL-insieme-per-i-bambini.png","contentUrl":"https:\/\/anpil.org\/wp-content\/uploads\/2021\/07\/Logo-ANPIL-insieme-per-i-bambini.png","width":800,"height":231,"caption":"Anpil"},"image":{"@id":"https:\/\/anpil.org\/#\/schema\/logo\/image\/"}}]}},"_links":{"self":[{"href":"https:\/\/anpil.org\/fr\/wp-json\/wp\/v2\/product\/2895","targetHints":{"allow":["GET"]}}],"collection":[{"href":"https:\/\/anpil.org\/fr\/wp-json\/wp\/v2\/product"}],"about":[{"href":"https:\/\/anpil.org\/fr\/wp-json\/wp\/v2\/types\/product"}],"wp:featuredmedia":[{"embeddable":true,"href":"https:\/\/anpil.org\/fr\/wp-json\/wp\/v2\/media\/2911"}],"wp:attachment":[{"href":"https:\/\/anpil.org\/fr\/wp-json\/wp\/v2\/media?parent=2895"}],"wp:term":[{"taxonomy":"product_brand","embeddable":true,"href":"https:\/\/anpil.org\/fr\/wp-json\/wp\/v2\/product_brand?post=2895"},{"taxonomy":"product_cat","embeddable":true,"href":"https:\/\/anpil.org\/fr\/wp-json\/wp\/v2\/product_cat?post=2895"},{"taxonomy":"product_tag","embeddable":true,"href":"https:\/\/anpil.org\/fr\/wp-json\/wp\/v2\/product_tag?post=2895"}],"curies":[{"name":"wp","href":"https:\/\/api.w.org\/{rel}","templated":true}]}}